{"id":3268,"date":"2016-06-07T10:34:26","date_gmt":"2016-06-07T10:34:26","guid":{"rendered":"http:\/\/nadalina.upgradecms.com\/?page_id=3268"},"modified":"2016-11-21T19:37:13","modified_gmt":"2016-11-21T19:37:13","slug":"tvrtka","status":"publish","type":"page","link":"https:\/\/www.nadalina.hr\/zacini\/?page_id=3268","title":{"rendered":"Tvrtka"},"content":{"rendered":"<p>Tradicija uporabe aromati\u010dnog bilja u mediteranskoj kuhinji oboga\u010dena najnovijim saznanjima svjetske gastronomije &#8211; ZA\u010dINI NADALINA &#8211;<br \/>\nTvrtka LUXOR se od 1990.godine bavi proizvodnjom, preradom i pakiranjem za\u010dina, za\u010dinskog bilja, suhog vo\u010da i dodataka hrani. Neke od tih proizvoda tvrtka proizvodi sama (vanilin \u0161e\u010der, pra\u0161ak za pecivo te mje\u0161avine za\u010dina ) neke otkupljuje od dalmatinskih poljoprivrednika te ih prera\u0111uje (lovorov list<br \/>\nru\u017emarin ,kadulju, mljeveni roga\u010d&#8230;), a ostale egzoti\u010dne za\u010dine i su\u0161eno vo\u010de (kokosovo bra\u0161no..) uvozimo iz Indonezije, Malezije i pakiramo u ambala\u017eu koju sami proizvodimo. Od 2002. godine proizvodimo za\u010dinske mje\u0161avine po vlastitim recepturama prilago\u0111ene za upotrebu u doma\u010dinstvu, a cijeli asortiman svojih proizvoda pakiramo i u gastro pakiranjima za hotele i restorane.<br \/>\nSve svoje proizvode prodajemo pod registriranom i za\u0161ti\u010denom markom NADALINA.<br \/>\nNakon vi\u0161egodi\u0161njeg rada u neadekvatnim iznajmljenim prostorima , 1998. godine odlu\u010dili smo se za izgradnju vlastitog proizvodnog pogona sa skladi\u0161tem i kancelarijama u Solinu pokraj Splita. Kona\u010dnom realizacijom projekta, osim izravne koristi zapo\u0161ljavanjem ve\u010deg broja radnika (16) ubrzali smo i proizvodni proces kupovinom novih strojeva, a samo smo na taj na\u010din mogli zadovoljiti naglo pove\u010danje interesa za svoje proizvode u Bosni i Hercegovini i Crnoj Gori. Od 2000. godine udio izvoza u ukupnom prometu pove\u010dao preko 20%, a otvaranjem tr\u017ei\u0161ta Srbije o\u010dekujemo znatan rast. Na doma\u010dem su tr\u017ei\u0161tu na\u0161i vrlo prepoznatljivi proizvodi zastupljeni u svim velikim trgova\u010dkim lancima ( Konzum, Kerum, Tommy, Merkator, Kaufland, Studenac, Plodine, &#8230;)<\/p>\n<p>Strategija razvoja tvrtke uklju\u010duje osim \u0161irenja tr\u017ei\u0161ta i organiziranje mre\u017ee kooperanata-poljoprivrednika u manje razvijenim krajevima Dalmacije na uzgoju mediteranskog za\u010dinskog bilja, \u010diju bi proizvodnju tvrtka Luxor otkupljivala i plasirala na tr\u017ei\u0161te pod nazivom &#8211; NADALINA ETNO-<br \/>\n2005 godine planiramo izlagati na dva sajma (GAST-SPLIT , ZAGREBA\u010dKI VELESAJAM ) na kojima \u010demo osim na\u0161e standardne linije pakiranih za\u010dina ( cca 100 ) prezentirati nove proizvode- mje\u0161avine za\u010dina i dodatke jelima, s posebnim naglaskom na DALMATINSKOM ZA\u010dINU .<\/p>\n","protected":false},"excerpt":{"rendered":"<p>Tradicija uporabe aromati\u010dnog bilja u mediteranskoj kuhinji oboga\u010dena najnovijim saznanjima svjetske gastronomije &#8211; ZA\u010dINI NADALINA &#8211; Tvrtka LUXOR se od 1990.godine bavi proizvodnjom, preradom i pakiranjem za\u010dina, za\u010dinskog bilja, suhog vo\u010da i dodataka hrani. Neke od tih proizvoda tvrtka proizvodi sama (vanilin \u0161e\u010der, pra\u0161ak za pecivo te mje\u0161avine za\u010dina ) neke otkupljuje od dalmatinskih poljoprivrednika [&hellip;]\n","protected":false},"author":1,"featured_media":0,"parent":0,"menu_order":0,"comment_status":"closed","ping_status":"closed","template":"","meta":{"footnotes":""},"class_list":["post-3268","page","type-page","status-publish","hentry"],"_links":{"self":[{"href":"https:\/\/www.nadalina.hr\/zacini\/index.php?rest_route=\/wp\/v2\/pages\/3268","targetHints":{"allow":["GET"]}}],"collection":[{"href":"https:\/\/www.nadalina.hr\/zacini\/index.php?rest_route=\/wp\/v2\/pages"}],"about":[{"href":"https:\/\/www.nadalina.hr\/zacini\/index.php?rest_route=\/wp\/v2\/types\/page"}],"author":[{"embeddable":true,"href":"https:\/\/www.nadalina.hr\/zacini\/index.php?rest_route=\/wp\/v2\/users\/1"}],"replies":[{"embeddable":true,"href":"https:\/\/www.nadalina.hr\/zacini\/index.php?rest_route=%2Fwp%2Fv2%2Fcomments&post=3268"}],"version-history":[{"count":2,"href":"https:\/\/www.nadalina.hr\/zacini\/index.php?rest_route=\/wp\/v2\/pages\/3268\/revisions"}],"predecessor-version":[{"id":3544,"href":"https:\/\/www.nadalina.hr\/zacini\/index.php?rest_route=\/wp\/v2\/pages\/3268\/revisions\/3544"}],"wp:attachment":[{"href":"https:\/\/www.nadalina.hr\/zacini\/index.php?rest_route=%2Fwp%2Fv2%2Fmedia&parent=3268"}],"curies":[{"name":"wp","href":"https:\/\/api.w.org\/{rel}","templated":true}]}}