{"id":3637,"date":"2016-11-11T14:41:59","date_gmt":"2016-11-11T14:41:59","guid":{"rendered":"http:\/\/www.nadalina.hr\/zacini\/?post_type=product&#038;p=3637"},"modified":"2016-12-02T15:24:40","modified_gmt":"2016-12-02T15:24:40","slug":"orascici-mljeveni-35g","status":"publish","type":"product","link":"https:\/\/www.nadalina.hr\/zacini\/?product=orascici-mljeveni-35g","title":{"rendered":"Ora\u0161\u010di\u010di mljeveni 35g"},"content":{"rendered":"","protected":false},"excerpt":{"rendered":"<p>Ora\u0161\u010di\u010di mljeveni 35g<\/p>\n","protected":false},"featured_media":3638,"template":"","meta":[],"product_brand":[],"product_cat":[82],"product_tag":[],"class_list":{"0":"post-3637","1":"product","2":"type-product","3":"status-publish","4":"has-post-thumbnail","6":"product_cat-bocice","8":"first","9":"instock","10":"taxable","11":"shipping-taxable","12":"product-type-simple"},"_links":{"self":[{"href":"https:\/\/www.nadalina.hr\/zacini\/index.php?rest_route=\/wp\/v2\/product\/3637","targetHints":{"allow":["GET"]}}],"collection":[{"href":"https:\/\/www.nadalina.hr\/zacini\/index.php?rest_route=\/wp\/v2\/product"}],"about":[{"href":"https:\/\/www.nadalina.hr\/zacini\/index.php?rest_route=\/wp\/v2\/types\/product"}],"wp:featuredmedia":[{"embeddable":true,"href":"https:\/\/www.nadalina.hr\/zacini\/index.php?rest_route=\/wp\/v2\/media\/3638"}],"wp:attachment":[{"href":"https:\/\/www.nadalina.hr\/zacini\/index.php?rest_route=%2Fwp%2Fv2%2Fmedia&parent=3637"}],"wp:term":[{"taxonomy":"product_brand","embeddable":true,"href":"https:\/\/www.nadalina.hr\/zacini\/index.php?rest_route=%2Fwp%2Fv2%2Fproduct_brand&post=3637"},{"taxonomy":"product_cat","embeddable":true,"href":"https:\/\/www.nadalina.hr\/zacini\/index.php?rest_route=%2Fwp%2Fv2%2Fproduct_cat&post=3637"},{"taxonomy":"product_tag","embeddable":true,"href":"https:\/\/www.nadalina.hr\/zacini\/index.php?rest_route=%2Fwp%2Fv2%2Fproduct_tag&post=3637"}],"curies":[{"name":"wp","href":"https:\/\/api.w.org\/{rel}","templated":true}]}}