{"id":3776,"date":"2016-11-12T09:00:04","date_gmt":"2016-11-12T09:00:04","guid":{"rendered":"http:\/\/www.nadalina.hr\/zacini\/?post_type=product&#038;p=3776"},"modified":"2016-12-02T15:17:17","modified_gmt":"2016-12-02T15:17:17","slug":"vanilin-secer-10g","status":"publish","type":"product","link":"https:\/\/www.nadalina.hr\/zacini\/?product=vanilin-secer-10g","title":{"rendered":"Vanilin \u0161e\u010der 10g"},"content":{"rendered":"","protected":false},"excerpt":{"rendered":"<p>Vanilin \u0161e\u010der 10g<\/p>\n","protected":false},"featured_media":3777,"template":"","meta":[],"product_brand":[],"product_cat":[84],"product_tag":[],"class_list":{"0":"post-3776","1":"product","2":"type-product","3":"status-publish","4":"has-post-thumbnail","6":"product_cat-vrecice","8":"first","9":"instock","10":"taxable","11":"shipping-taxable","12":"product-type-simple"},"_links":{"self":[{"href":"https:\/\/www.nadalina.hr\/zacini\/index.php?rest_route=\/wp\/v2\/product\/3776","targetHints":{"allow":["GET"]}}],"collection":[{"href":"https:\/\/www.nadalina.hr\/zacini\/index.php?rest_route=\/wp\/v2\/product"}],"about":[{"href":"https:\/\/www.nadalina.hr\/zacini\/index.php?rest_route=\/wp\/v2\/types\/product"}],"wp:featuredmedia":[{"embeddable":true,"href":"https:\/\/www.nadalina.hr\/zacini\/index.php?rest_route=\/wp\/v2\/media\/3777"}],"wp:attachment":[{"href":"https:\/\/www.nadalina.hr\/zacini\/index.php?rest_route=%2Fwp%2Fv2%2Fmedia&parent=3776"}],"wp:term":[{"taxonomy":"product_brand","embeddable":true,"href":"https:\/\/www.nadalina.hr\/zacini\/index.php?rest_route=%2Fwp%2Fv2%2Fproduct_brand&post=3776"},{"taxonomy":"product_cat","embeddable":true,"href":"https:\/\/www.nadalina.hr\/zacini\/index.php?rest_route=%2Fwp%2Fv2%2Fproduct_cat&post=3776"},{"taxonomy":"product_tag","embeddable":true,"href":"https:\/\/www.nadalina.hr\/zacini\/index.php?rest_route=%2Fwp%2Fv2%2Fproduct_tag&post=3776"}],"curies":[{"name":"wp","href":"https:\/\/api.w.org\/{rel}","templated":true}]}}