{"id":3794,"date":"2016-11-12T09:11:10","date_gmt":"2016-11-12T09:11:10","guid":{"rendered":"http:\/\/www.nadalina.hr\/zacini\/?post_type=product&#038;p=3794"},"modified":"2016-12-02T15:31:09","modified_gmt":"2016-12-02T15:31:09","slug":"cesnjak-500g","status":"publish","type":"product","link":"https:\/\/www.nadalina.hr\/zacini\/?product=cesnjak-500g","title":{"rendered":"\u010de\u0161njak 500g"},"content":{"rendered":"","protected":false},"excerpt":{"rendered":"<p>\u010de\u0161njak 500g<\/p>\n","protected":false},"featured_media":3795,"template":"","meta":[],"product_brand":[],"product_cat":[85],"product_tag":[],"class_list":{"0":"post-3794","1":"product","2":"type-product","3":"status-publish","4":"has-post-thumbnail","6":"product_cat-gastro","8":"first","9":"instock","10":"taxable","11":"shipping-taxable","12":"product-type-simple"},"_links":{"self":[{"href":"https:\/\/www.nadalina.hr\/zacini\/index.php?rest_route=\/wp\/v2\/product\/3794","targetHints":{"allow":["GET"]}}],"collection":[{"href":"https:\/\/www.nadalina.hr\/zacini\/index.php?rest_route=\/wp\/v2\/product"}],"about":[{"href":"https:\/\/www.nadalina.hr\/zacini\/index.php?rest_route=\/wp\/v2\/types\/product"}],"wp:featuredmedia":[{"embeddable":true,"href":"https:\/\/www.nadalina.hr\/zacini\/index.php?rest_route=\/wp\/v2\/media\/3795"}],"wp:attachment":[{"href":"https:\/\/www.nadalina.hr\/zacini\/index.php?rest_route=%2Fwp%2Fv2%2Fmedia&parent=3794"}],"wp:term":[{"taxonomy":"product_brand","embeddable":true,"href":"https:\/\/www.nadalina.hr\/zacini\/index.php?rest_route=%2Fwp%2Fv2%2Fproduct_brand&post=3794"},{"taxonomy":"product_cat","embeddable":true,"href":"https:\/\/www.nadalina.hr\/zacini\/index.php?rest_route=%2Fwp%2Fv2%2Fproduct_cat&post=3794"},{"taxonomy":"product_tag","embeddable":true,"href":"https:\/\/www.nadalina.hr\/zacini\/index.php?rest_route=%2Fwp%2Fv2%2Fproduct_tag&post=3794"}],"curies":[{"name":"wp","href":"https:\/\/api.w.org\/{rel}","templated":true}]}}